{"id":6920,"date":"2020-11-03T10:31:09","date_gmt":"2020-11-03T16:31:09","guid":{"rendered":"https:\/\/anfad.org.mx\/calentadores\/?page_id=6920"},"modified":"2021-02-17T13:35:43","modified_gmt":"2021-02-17T19:35:43","slug":"dudas_frecuentes","status":"publish","type":"page","link":"https:\/\/anfad.org.mx\/calentadores\/dudas_frecuentes\/","title":{"rendered":"Dudas frecuentes"},"content":{"rendered":"<p>[vc_row row_content_width=&#8221;grid&#8221; row_btt_skin=&#8221;light&#8221; row_background_text_position=&#8221;front&#8221; row_skin=&#8221;dark&#8221; css=&#8221;.vc_custom_1556102851705{padding-top: 110px !important;padding-bottom: 30px !important;}&#8221;][vc_column][vc_empty_space height=&#8221;65px&#8221;][vc_column_text]<\/p>\n<h4>Fallas y soluciones<\/h4>\n<p>[\/vc_column_text][vc_column_text]<\/p>\n<h5>Calentadores de dep\u00f3sito y r\u00e1pida recuperaci\u00f3n<\/h5>\n<p>[\/vc_column_text][vc_empty_space height=&#8221;65px&#8221;]<div class=\"mkdf-accordion-holder mkdf-ac-default  mkdf-accordion mkdf-ac-boxed    clearfix\">\n\t<h5 class=\"mkdf-accordion-title\" >\n    <span class=\"mkdf-tab-title\">FUGA DE AGUA<\/span>\n    <span class=\"mkdf-accordion-mark\">\n\t\t<span class=\"mkdf_icon_plus icon_plus\"><\/span>\n\t\t<span class=\"mkdf_icon_minus icon_minus-06\"><\/span>\n\t<\/span>\n<\/h5>\n<div class=\"mkdf-accordion-content\">\n\t<div class=\"mkdf-accordion-content-inner\">\n\t\t[vc_column_text]<strong>Posibles causas:<\/strong><\/p>\n<ul>\n<li>Tanque picado.<\/li>\n<li>Mal sellado de conexiones (entrada y salida de agua) v\u00e1lvula de drenado o tap\u00f3n.<\/li>\n<\/ul>\n<p><strong>Soluciones:<\/strong><\/p>\n<ul>\n<li>Reemplazar el tanque o cambio f\u00edsico.<\/li>\n<li>Revisar y sellar las posibles fugas de agua.<\/li>\n<\/ul>\n<p>[\/vc_column_text]\t<\/div>\n<\/div><h5 class=\"mkdf-accordion-title\" >\n    <span class=\"mkdf-tab-title\">FUGA DE GAS<\/span>\n    <span class=\"mkdf-accordion-mark\">\n\t\t<span class=\"mkdf_icon_plus icon_plus\"><\/span>\n\t\t<span class=\"mkdf_icon_minus icon_minus-06\"><\/span>\n\t<\/span>\n<\/h5>\n<div class=\"mkdf-accordion-content\">\n\t<div class=\"mkdf-accordion-content-inner\">\n\t\t[vc_column_text]<\/p>\n<p style=\"text-align: justify;\"><strong>Posibles causas:<\/strong><\/p>\n<ul style=\"text-align: justify;\">\n<li>Conector del termostato mal sellado.<\/li>\n<li>Fuga de gas por el cuerpo del termostato o bot\u00f3n.<\/li>\n<li>Fuga de gas en los tubos del termostato, piloto o quemador.<\/li>\n<\/ul>\n<p style=\"text-align: justify;\"><strong>Soluciones:<\/strong><\/p>\n<ul>\n<li style=\"text-align: justify;\">Cierre de inmediato la llave de paso de gas hacia el equipo.<\/li>\n<li style=\"text-align: justify;\">Es importante no intentar solucionar la falla sin el apoyo de un t\u00e9cnico especializado.<\/li>\n<\/ul>\n<p>[\/vc_column_text]\t<\/div>\n<\/div><h5 class=\"mkdf-accordion-title\" >\n    <span class=\"mkdf-tab-title\">NO PRENDE<\/span>\n    <span class=\"mkdf-accordion-mark\">\n\t\t<span class=\"mkdf_icon_plus icon_plus\"><\/span>\n\t\t<span class=\"mkdf_icon_minus icon_minus-06\"><\/span>\n\t<\/span>\n<\/h5>\n<div class=\"mkdf-accordion-content\">\n\t<div class=\"mkdf-accordion-content-inner\">\n\t\t[vc_column_text]<\/p>\n<p style=\"text-align: justify;\"><strong>Posibles causas:<\/strong><\/p>\n<ul style=\"text-align: justify;\">\n<li>Falta de gas o llave de gas cerrada.<\/li>\n<li>Aire en la tuber\u00eda del gas.<\/li>\n<li>Perno pegado en termostato.<\/li>\n<li>Colocaci\u00f3n de regulador de alta presi\u00f3n.<\/li>\n<\/ul>\n<p style=\"text-align: justify;\"><strong>\u00a0<\/strong><\/p>\n<p style=\"text-align: justify;\"><strong>Soluciones:<\/strong><\/p>\n<ul>\n<li style=\"text-align: justify;\">Cierre de inmediato la llave de paso de gas hacia el equipo.<\/li>\n<li style=\"text-align: justify;\">Es importante no intentar solucionar la falla sin el apoyo de un t\u00e9cnico especializado.<\/li>\n<\/ul>\n<p>[\/vc_column_text]\t<\/div>\n<\/div><h5 class=\"mkdf-accordion-title\" >\n    <span class=\"mkdf-tab-title\">NO CALIENTA LO SUFICIENTE<\/span>\n    <span class=\"mkdf-accordion-mark\">\n\t\t<span class=\"mkdf_icon_plus icon_plus\"><\/span>\n\t\t<span class=\"mkdf_icon_minus icon_minus-06\"><\/span>\n\t<\/span>\n<\/h5>\n<div class=\"mkdf-accordion-content\">\n\t<div class=\"mkdf-accordion-content-inner\">\n\t\t[vc_column_text]<\/p>\n<p style=\"text-align: justify;\"><strong>Posibles causas:<\/strong><\/p>\n<ul style=\"text-align: justify;\">\n<li>Perilla de temperatura en posici\u00f3n incorrecta.<\/li>\n<li>Flama peque\u00f1a en el quemador.<\/li>\n<li>Flujo excesivo de agua caliente.<\/li>\n<li>Termostato descalibrado.<\/li>\n<\/ul>\n<p style=\"text-align: justify;\"><strong>Soluciones:<\/strong><\/p>\n<ul>\n<li style=\"text-align: justify;\">Colocar perilla en la posici\u00f3n correcta.<\/li>\n<\/ul>\n<p>[\/vc_column_text]\t<\/div>\n<\/div><h5 class=\"mkdf-accordion-title\" >\n    <span class=\"mkdf-tab-title\">CALIENTA DEMASIADO<\/span>\n    <span class=\"mkdf-accordion-mark\">\n\t\t<span class=\"mkdf_icon_plus icon_plus\"><\/span>\n\t\t<span class=\"mkdf_icon_minus icon_minus-06\"><\/span>\n\t<\/span>\n<\/h5>\n<div class=\"mkdf-accordion-content\">\n\t<div class=\"mkdf-accordion-content-inner\">\n\t\t[vc_column_text]<\/p>\n<p style=\"text-align: justify;\"><strong>Posibles causas:<\/strong><\/p>\n<ul style=\"text-align: justify;\">\n<li>Termostato descalibrado.<\/li>\n<\/ul>\n<p style=\"text-align: justify;\"><strong>Soluciones:<\/strong><\/p>\n<ul>\n<li style=\"text-align: justify;\">Se recomienda contactar al centro de servicio t\u00e9cnico de la marca de su equipo.<\/li>\n<\/ul>\n<p>[\/vc_column_text]\t<\/div>\n<\/div><h5 class=\"mkdf-accordion-title\" >\n    <span class=\"mkdf-tab-title\">GENERA RUIDOS EN LA COMBUSTI\u00d3N<\/span>\n    <span class=\"mkdf-accordion-mark\">\n\t\t<span class=\"mkdf_icon_plus icon_plus\"><\/span>\n\t\t<span class=\"mkdf_icon_minus icon_minus-06\"><\/span>\n\t<\/span>\n<\/h5>\n<div class=\"mkdf-accordion-content\">\n\t<div class=\"mkdf-accordion-content-inner\">\n\t\t[vc_column_text]<strong>Posibles causas:<\/strong><\/p>\n<ul>\n<li>Flama peque\u00f1a en el quemador.<\/li>\n<li>Piloto alejado del quemador.<\/li>\n<li>Calentador de gas L.P y cliente con gas natural.<\/li>\n<\/ul>\n<p><strong>Soluciones:<\/strong><\/p>\n<ul>\n<li>Cierre de inmediato la llave de paso de gas hacia el equipo.<\/li>\n<li>Es importante no intentar solucionar la falla sin el apoyo de un t\u00e9cnico especializado.<\/li>\n<\/ul>\n<p>[\/vc_column_text]\t<\/div>\n<\/div><h5 class=\"mkdf-accordion-title\" >\n    <span class=\"mkdf-tab-title\">MALA COMBUSTI\u00d3N<\/span>\n    <span class=\"mkdf-accordion-mark\">\n\t\t<span class=\"mkdf_icon_plus icon_plus\"><\/span>\n\t\t<span class=\"mkdf_icon_minus icon_minus-06\"><\/span>\n\t<\/span>\n<\/h5>\n<div class=\"mkdf-accordion-content\">\n\t<div class=\"mkdf-accordion-content-inner\">\n\t\t[vc_column_text]<\/p>\n<p style=\"text-align: justify;\"><strong>Posibles causas:<\/strong><\/p>\n<ul style=\"text-align: justify;\">\n<li>Calentador en el interior.<\/li>\n<li>Tubo de chimenea obstruido.<\/li>\n<li>Calentador en gas natural y cliente con gas L.P.<\/li>\n<li>Quemador sucio.<\/li>\n<\/ul>\n<p style=\"text-align: justify;\"><strong>Soluciones:<\/strong><\/p>\n<ul>\n<li style=\"text-align: justify;\">Cierre de inmediato la llave de paso de gas hacia el equipo.<\/li>\n<li style=\"text-align: justify;\">Es importante no intentar solucionar la falla sin el apoyo de un t\u00e9cnico especializado<\/li>\n<\/ul>\n<p>[\/vc_column_text]\t<\/div>\n<\/div><\/div>[\/vc_column][\/vc_row][vc_row row_content_width=&#8221;grid&#8221; row_btt_skin=&#8221;light&#8221; row_background_text_position=&#8221;front&#8221; row_skin=&#8221;dark&#8221; css=&#8221;.vc_custom_1556102851705{padding-top: 110px !important;padding-bottom: 30px !important;}&#8221;][vc_column][vc_empty_space height=&#8221;65px&#8221;][vc_column_text]<\/p>\n<h4>Fallas y soluciones<\/h4>\n<p>[\/vc_column_text][vc_column_text]<\/p>\n<h5>Calentador instant\u00e1neo<\/h5>\n<p>[\/vc_column_text][vc_empty_space height=&#8221;65px&#8221;]<div class=\"mkdf-accordion-holder mkdf-ac-default  mkdf-accordion mkdf-ac-boxed    clearfix\">\n\t<h5 class=\"mkdf-accordion-title\" >\n    <span class=\"mkdf-tab-title\">EL CALENTADOR NO ENCIENDE<\/span>\n    <span class=\"mkdf-accordion-mark\">\n\t\t<span class=\"mkdf_icon_plus icon_plus\"><\/span>\n\t\t<span class=\"mkdf_icon_minus icon_minus-06\"><\/span>\n\t<\/span>\n<\/h5>\n<div class=\"mkdf-accordion-content\">\n\t<div class=\"mkdf-accordion-content-inner\">\n\t\t[vc_column_text]<strong>Posibles causas:<\/strong><\/p>\n<ul>\n<li>Llave de paso de agua o v\u00e1lvula de gas cerrada.<\/li>\n<li>No tiene pilas, est\u00e1n bajas o mal colocadas.<\/li>\n<li>No tiene suministro de gas.<\/li>\n<li>La presi\u00f3n de gas es muy baja o muy alta.<\/li>\n<li>Baja presi\u00f3n de agua.<\/li>\n<\/ul>\n<p>&nbsp;<\/p>\n<p><strong>Soluciones:<\/strong><\/p>\n<ul>\n<li>Abra la llave de paso de agua o v\u00e1lvula de gas.<\/li>\n<li>Ponga las pilas tipo \u201cD\u201d en la posici\u00f3n indicada.<\/li>\n<li>Recargar el tanque de gas.<\/li>\n<li>Es importante no intentar solucionar la falla sin el apoyo de un t\u00e9cnico especializado<\/li>\n<\/ul>\n<p>[\/vc_column_text]\t<\/div>\n<\/div><h5 class=\"mkdf-accordion-title\" >\n    <span class=\"mkdf-tab-title\">SE APAGA LA FLAMA DE FORMA AUTOM\u00c1TICA DURANTE LA OPERACI\u00d3N<\/span>\n    <span class=\"mkdf-accordion-mark\">\n\t\t<span class=\"mkdf_icon_plus icon_plus\"><\/span>\n\t\t<span class=\"mkdf_icon_minus icon_minus-06\"><\/span>\n\t<\/span>\n<\/h5>\n<div class=\"mkdf-accordion-content\">\n\t<div class=\"mkdf-accordion-content-inner\">\n\t\t[vc_column_text]<strong>Posibles causas:<\/strong><\/p>\n<ul>\n<li>Pilas bajas.<\/li>\n<li>Exceso de temperatura en el agua.<\/li>\n<\/ul>\n<p>&nbsp;<\/p>\n<p><strong>Soluciones:<\/strong><\/p>\n<ul>\n<li>Verificar si es necesario cambiar las pilas por unas nuevas.<\/li>\n<li>Ajuste la perilla de control de flama a una menor temperatura.<\/li>\n<\/ul>\n<p>[\/vc_column_text]\t<\/div>\n<\/div><h5 class=\"mkdf-accordion-title\" >\n    <span class=\"mkdf-tab-title\">EL AGUA NO SE CALIENTA LO SUFICIENTE O LA TEMPERATURA DEL AGUA ES IRREGULAR<\/span>\n    <span class=\"mkdf-accordion-mark\">\n\t\t<span class=\"mkdf_icon_plus icon_plus\"><\/span>\n\t\t<span class=\"mkdf_icon_minus icon_minus-06\"><\/span>\n\t<\/span>\n<\/h5>\n<div class=\"mkdf-accordion-content\">\n\t<div class=\"mkdf-accordion-content-inner\">\n\t\t[vc_column_text]<strong>Posibles causas:<\/strong><\/p>\n<ul>\n<li>Perillas del calentador en mala posici\u00f3n.<\/li>\n<li>Poco flujo de gas o presi\u00f3n de gas insuficiente.<\/li>\n<li>Capacidad insuficiente a la requerida.<\/li>\n<li>El tipo de gas no es el adecuado.<\/li>\n<\/ul>\n<p>&nbsp;<\/p>\n<p><strong>Soluciones:<\/strong><\/p>\n<ul>\n<li>Verificar y ajustar las perillas del calentador. Leer manual para m\u00e1s informaci\u00f3n.<\/li>\n<li>Revisar que la llave de paso (tipo esfera) del gas este abierta.<\/li>\n<li>Revisar capacidad del calentador y contactar al personal t\u00e9cnico especializado.<\/li>\n<li>Cambiar el tipo de gas o el modelo del calentador en caso de ser necesario.<\/li>\n<\/ul>\n<p>[\/vc_column_text]\t<\/div>\n<\/div><h5 class=\"mkdf-accordion-title\" >\n    <span class=\"mkdf-tab-title\">NO SALE AGUA O ES POCO EL CAUDAL DE AGUA CALIENTE<\/span>\n    <span class=\"mkdf-accordion-mark\">\n\t\t<span class=\"mkdf_icon_plus icon_plus\"><\/span>\n\t\t<span class=\"mkdf_icon_minus icon_minus-06\"><\/span>\n\t<\/span>\n<\/h5>\n<div class=\"mkdf-accordion-content\">\n\t<div class=\"mkdf-accordion-content-inner\">\n\t\t[vc_column_text]<strong>Posibles causas:<\/strong><\/p>\n<ul>\n<li>Llave de control de agua en posici\u00f3n m\u00ednima.<\/li>\n<li>Perilla de control de agua en posici\u00f3n m\u00ednima.<\/li>\n<li>Filtro de agua tapado.<\/li>\n<li>Pilas Bajas.<\/li>\n<li>Se apaga la flama de forma autom\u00e1tica durante la operaci\u00f3n.<\/li>\n<\/ul>\n<p><strong>Soluciones:<\/strong><\/p>\n<ul>\n<li>Abrir totalmente la llave de paso del agua.<\/li>\n<li>Verificar la posici\u00f3n de la perilla control de agua, si es posible aumentar a un nivel mayor.<\/li>\n<li>Es importante no intentar solucionar la falla sin el apoyo de un t\u00e9cnico especializado.<\/li>\n<li>Verificar si es necesario cambiar las pilas por unas nuevas.<\/li>\n<li>Exceso de temperatura en el agua, ajustar la perilla de control de flama a una menor temperatura.<\/li>\n<\/ul>\n<p>[\/vc_column_text]\t<\/div>\n<\/div><\/div>[\/vc_column][\/vc_row][vc_row row_btt_skin=&#8221;light&#8221; row_background_text_position=&#8221;front&#8221; css=&#8221;.vc_custom_1607035151557{background-color: #f75a00 !important;}&#8221;][vc_column][vc_empty_space]\n\t\t\t<!-- START Slider 1 REVOLUTION SLIDER 6.1.5 --><p class=\"rs-p-wp-fix\"><\/p>\n\t\t\t<rs-module-wrap id=\"rev_slider_14_1_wrapper\" data-source=\"gallery\" style=\"background:transparent;padding:0;margin:0px auto;margin-top:0;margin-bottom:0;\">\n\t\t\t\t<rs-module id=\"rev_slider_14_1\" style=\"display:none;\" data-version=\"6.1.5\">\n\t\t\t\t\t<rs-slides>\n\t\t\t\t\t\t<rs-slide data-key=\"rs-32\" data-title=\"Slide\" data-anim=\"ei:d;eo:d;s:1000;r:0;t:fade;sl:0;\">\n\t\t\t\t\t\t\t<img src=\"\/\/anfad.org.mx\/calentadores\/wp-content\/plugins\/revslider\/public\/assets\/assets\/transparent.png\" title=\"Dudas frecuentes\" data-bg=\"c:#f75a00;\" class=\"rev-slidebg\" data-no-retina>\n<!--\n\t\t\t\t\t\t\t--><rs-layer\n\t\t\t\t\t\t\t\tid=\"slider-14-slide-32-layer-0\" \n\t\t\t\t\t\t\t\tdata-type=\"text\"\n\t\t\t\t\t\t\t\tdata-color=\"#ffffff\"\n\t\t\t\t\t\t\t\tdata-rsp_ch=\"on\"\n\t\t\t\t\t\t\t\tdata-xy=\"x:c;y:c;yo:-29px;\"\n\t\t\t\t\t\t\t\tdata-text=\"w:normal;s:25;l:31;a:center;\"\n\t\t\t\t\t\t\t\tdata-dim=\"w:1010px;h:125px;\"\n\t\t\t\t\t\t\t\tdata-frame_999=\"o:0;st:w;\"\n\t\t\t\t\t\t\t\tstyle=\"z-index:5;font-family:Roboto;\"\n\t\t\t\t\t\t\t>Importante: las soluciones a las fallas m\u00e1s comunes aqu\u00ed presentadas son de car\u00e1cter informativo, se recomienda al usuario contactar oportunamente al centro de servicio t\u00e9cnico de la marca de su equipo. \n\t\t\t\t\t\t\t<\/rs-layer><!--\n-->\t\t\t\t\t\t<\/rs-slide>\n\t\t\t\t\t<\/rs-slides>\n\t\t\t\t\t<rs-progress class=\"rs-bottom\" style=\"visibility: hidden !important;\"><\/rs-progress>\n\t\t\t\t<\/rs-module>\n\t\t\t\t<script type=\"text\/javascript\">\n\t\t\t\t\tsetREVStartSize({c: 'rev_slider_14_1',rl:[1240,1024,778,480],el:[300],gw:[1240],gh:[300],layout:'fullwidth',mh:\"0\"});\n\t\t\t\t\tvar\trevapi14,\n\t\t\t\t\t\ttpj;\n\t\t\t\t\tjQuery(function() {\n\t\t\t\t\t\ttpj = jQuery;\n\t\t\t\t\t\tif(tpj(\"#rev_slider_14_1\").revolution == undefined){\n\t\t\t\t\t\t\trevslider_showDoubleJqueryError(\"#rev_slider_14_1\");\n\t\t\t\t\t\t}else{\n\t\t\t\t\t\t\trevapi14 = tpj(\"#rev_slider_14_1\").show().revolution({\n\t\t\t\t\t\t\t\tsliderType:\"hero\",\n\t\t\t\t\t\t\t\tjsFileLocation:\"\/\/anfad.org.mx\/calentadores\/wp-content\/plugins\/revslider\/public\/assets\/js\/\",\n\t\t\t\t\t\t\t\tvisibilityLevels:\"1240,1024,778,480\",\n\t\t\t\t\t\t\t\tgridwidth:1240,\n\t\t\t\t\t\t\t\tgridheight:300,\n\t\t\t\t\t\t\t\tminHeight:\"\",\n\t\t\t\t\t\t\t\tspinner:\"spinner0\",\n\t\t\t\t\t\t\t\teditorheight:\"300,768,960,720\",\n\t\t\t\t\t\t\t\tresponsiveLevels:\"1240,1024,778,480\",\n\t\t\t\t\t\t\t\tdisableProgressBar:\"on\",\n\t\t\t\t\t\t\t\tnavigation: {\n\t\t\t\t\t\t\t\t\tonHoverStop:false\n\t\t\t\t\t\t\t\t},\n\t\t\t\t\t\t\t\tfallbacks: {\n\t\t\t\t\t\t\t\t\tallowHTML5AutoPlayOnAndroid:true\n\t\t\t\t\t\t\t\t},\n\t\t\t\t\t\t\t});\n\t\t\t\t\t\t}\n\t\t\t\t\t\t\n\t\t\t\t\t});\n\t\t\t\t<\/script>\n\t\t\t<\/rs-module-wrap>\n\t\t\t<!-- END REVOLUTION SLIDER -->\n[vc_empty_space][\/vc_column][\/vc_row]<\/p>\n","protected":false},"excerpt":{"rendered":"<p>[vc_row row_content_width=&#8221;grid&#8221; row_btt_skin=&#8221;light&#8221; row_background_text_position=&#8221;front&#8221; row_skin=&#8221;dark&#8221; css=&#8221;.vc_custom_1556102851705{padding-top: 110px !important;padding-bottom: 30px !important;}&#8221;][vc_column][vc_empty_space height=&#8221;65px&#8221;][vc_column_text] Fallas y soluciones [\/vc_column_text][vc_column_text] Calentadores de dep\u00f3sito y r\u00e1pida recuperaci\u00f3n [\/vc_column_text][vc_empty_space height=&#8221;65px&#8221;][\/vc_column][\/vc_row][vc_row row_content_width=&#8221;grid&#8221; row_btt_skin=&#8221;light&#8221; row_background_text_position=&#8221;front&#8221; row_skin=&#8221;dark&#8221; css=&#8221;.vc_custom_1556102851705{padding-top: 110px !important;padding-bottom: 30px !important;}&#8221;][vc_column][vc_empty_space height=&#8221;65px&#8221;][vc_column_text] Fallas y soluciones [\/vc_column_text][vc_column_text] Calentador instant\u00e1neo [\/vc_column_text][vc_empty_space [&hellip;]<\/p>\n","protected":false},"author":1,"featured_media":0,"parent":0,"menu_order":0,"comment_status":"closed","ping_status":"closed","template":"full-width.php","meta":[],"_links":{"self":[{"href":"https:\/\/anfad.org.mx\/calentadores\/wp-json\/wp\/v2\/pages\/6920"}],"collection":[{"href":"https:\/\/anfad.org.mx\/calentadores\/wp-json\/wp\/v2\/pages"}],"about":[{"href":"https:\/\/anfad.org.mx\/calentadores\/wp-json\/wp\/v2\/types\/page"}],"author":[{"embeddable":true,"href":"https:\/\/anfad.org.mx\/calentadores\/wp-json\/wp\/v2\/users\/1"}],"replies":[{"embeddable":true,"href":"https:\/\/anfad.org.mx\/calentadores\/wp-json\/wp\/v2\/comments?post=6920"}],"version-history":[{"count":38,"href":"https:\/\/anfad.org.mx\/calentadores\/wp-json\/wp\/v2\/pages\/6920\/revisions"}],"predecessor-version":[{"id":6993,"href":"https:\/\/anfad.org.mx\/calentadores\/wp-json\/wp\/v2\/pages\/6920\/revisions\/6993"}],"wp:attachment":[{"href":"https:\/\/anfad.org.mx\/calentadores\/wp-json\/wp\/v2\/media?parent=6920"}],"curies":[{"name":"wp","href":"https:\/\/api.w.org\/{rel}","templated":true}]}}