{"id":6404,"date":"2020-02-18T15:25:58","date_gmt":"2020-02-18T15:25:58","guid":{"rendered":"https:\/\/anfad.org.mx\/calentadores\/?page_id=6404"},"modified":"2021-02-16T21:58:51","modified_gmt":"2021-02-17T03:58:51","slug":"calentador-de-deposito","status":"publish","type":"page","link":"https:\/\/anfad.org.mx\/calentadores\/calentador-de-deposito\/","title":{"rendered":"Dep\u00f3sito"},"content":{"rendered":"<p>[vc_row row_content_width=&#8221;grid&#8221; row_btt_skin=&#8221;light&#8221; row_background_text_position=&#8221;front&#8221; row_skin=&#8221;dark&#8221; css=&#8221;.vc_custom_1556102851705{padding-top: 110px !important;padding-bottom: 30px !important;}&#8221;][vc_column][vc_row_inner][vc_column_inner][vc_column_text]\n        \n            <div class=\"wls-wrap\">\n                  <div id=\"6415-69f8a183a532e\" class=\"\">\n        \n\n                  \n          <div class=\"panel\" > \n            <a href=\"https:\/\/www.calorex.com.mx\/\" target=\"_blank\"  title=\"Calorex\" >            <img src=\"https:\/\/anfad.org.mx\/calentadores\/wp-content\/uploads\/2025\/08\/A-Ariston-Group-Logo-CMYK-300x150.png\" alt=\"Calorex\" title=\"Calorex\" \/>\n            <\/a>                        <span>\n              <h4>Calorex<\/h4>              \n            <\/span>\n                      <\/div>\n\n                             \n          <div class=\"panel\" > \n            <a href=\"https:\/\/www.bosch-climate.mx\/\" target=\"_blank\"  title=\"Bosch\" >            <img src=\"https:\/\/anfad.org.mx\/calentadores\/wp-content\/uploads\/2020\/02\/Bosch-1-300x172.jpg\" alt=\"Bosch\" title=\"Bosch\" \/>\n            <\/a>                        <span>\n              <h4>Bosch<\/h4>              \n            <\/span>\n                      <\/div>\n\n                             \n          <div class=\"panel\" > \n            <a href=\"https:\/\/www.iusa.com.mx\/\" target=\"_blank\"  title=\"IUSA\" >            <img src=\"https:\/\/anfad.org.mx\/calentadores\/wp-content\/uploads\/2020\/02\/iusa-1-300x172.jpg\" alt=\"IUSA\" title=\"IUSA\" \/>\n            <\/a>                        <span>\n              <h4>IUSA<\/h4>              \n            <\/span>\n                      <\/div>\n\n                             \n          <div class=\"panel\" > \n            <a href=\"https:\/\/magamex.mx\/\" target=\"_blank\"  title=\"Magamex\" >            <img src=\"https:\/\/anfad.org.mx\/calentadores\/wp-content\/uploads\/2020\/02\/magamex-1-300x172.jpg\" alt=\"Magamex\" title=\"Magamex\" \/>\n            <\/a>                        <span>\n              <h4>Magamex<\/h4>              \n            <\/span>\n                      <\/div>\n\n                             \n          <div class=\"panel\" > \n            <a href=\"https:\/\/rheem.com.mx\/\" target=\"_blank\"  title=\"Rheem\" >            <img src=\"https:\/\/anfad.org.mx\/calentadores\/wp-content\/uploads\/2020\/02\/rheem-1-300x172.jpg\" alt=\"Rheem\" title=\"Rheem\" \/>\n            <\/a>                        <span>\n              <h4>Rheem<\/h4>              \n            <\/span>\n                      <\/div>\n\n                             \n          <div class=\"panel\" > \n                        <img src=\"https:\/\/anfad.org.mx\/calentadores\/wp-content\/uploads\/2025\/08\/Rinnai-logo_Mesa-de-trabajo-1-300x150.png\" alt=\"Rinnai\" title=\"Rinnai\" \/>\n                                    <span>\n              <h4>Rinnai<\/h4>              \n            <\/span>\n                      <\/div>\n\n                          <\/div> <!-- Slides end -->\n       \n       \n       <\/div>\n           <style type=\"text\/css\">\n            .wls-wrap{padding: 0 15px} \n          \n\n    <\/style>   \n    <script type=\"text\/javascript\">\n      jQuery( document ).ready(function($) {\n\n        jQuery.fn.randomize = function (selector) {\n          var $elems = selector ? $(this).find(selector) : $(this).children(),\n              $parents = $elems.parent();\n\n          $parents.each(function () {\n              $(this).children(selector).sort(function (childA, childB) {\n                  \/\/ * Prevent last slide from being reordered\n                  if($(childB).index() !== $(this).children(selector).length - 1) {\n                      return Math.round(Math.random()) - 0.5;\n                  }\n              }.bind(this)).detach().appendTo(this);\n          });\n\n          return this;\n        };\n\n        $(\"#6415-69f8a183a532e\")\n                .slick({ \n        slidesToShow: 6,\n        slidesToScroll: 1,        \n        autoplaySpeed: 4000,\n        speed: 1000,        \n        arrows: true,\n        asNavFor: null,         \n        autoplay: true,\n        \n        useCSS: true,        \n        responsive: [\n        {\n          breakpoint: 1199,\n          settings: {\n            arrows: true,\n            slidesToShow: 4\n          }\n        },\n        {\n          breakpoint: 979,\n          settings: {\n            arrows: true,\n            slidesToShow: 3\n          }\n        },{\n          breakpoint: 768,\n          settings: {\n            arrows: true,\n            slidesToShow: 2\n          }\n        },{\n          breakpoint: 479,\n          settings: {\n            arrows: true,\n            slidesToShow: 1\n          }\n        }\n        ]\n\n        });\n       \n      });\n    <\/script>\n\n  [\/vc_column_text][\/vc_column_inner][\/vc_row_inner][vc_empty_space height=&#8221;65px&#8221;]<div class=\"mkdf-elements-holder   mkdf-three-columns  mkdf-responsive-mode-1024 \" ><div class=\"mkdf-eh-item    \"  data-item-class=\"mkdf-eh-custom-5975\" data-1367-1600=\"11px 0 29px 70px\" data-1025-1366=\"11px 0 29px 0px\" data-769-1024=\"11px 300px 0px 0\" data-681-768=\"11px 150px 0px 0\" data-680=\"11px 0 0px 0px\">\n\t<div class=\"mkdf-eh-item-inner\">\n\t\t<div class=\"mkdf-eh-item-content mkdf-eh-custom-5975\" style=\"padding: 11px 0 29px 74px\">\n\t\t\t<div class=\"mkdf-section-title-holder  mkdf-st-standard mkdf-st-title-left mkdf-st-normal-space \" >\n\t<div class=\"mkdf-st-inner\">\n                    <h6 class=\"mkdf-st-intro-title\" >\n                Conoce m\u00e1s            <\/h6>\n        \t\t\t\t\t<h2 class=\"mkdf-st-title\" >\n\t\t\t\tCalentador de Dep\u00f3sito\t\t\t<\/h2>\n\t\t\t\t\t<\/div>\n<\/div>\t\t<\/div>\n\t<\/div>\n<\/div><div class=\"mkdf-eh-item    \"  data-item-class=\"mkdf-eh-custom-9986\" data-1367-1600=\"15px 44px 0 74px\" data-1025-1366=\"15px 10px 0 33px\" data-769-1024=\"50px 440px 50px 1px\" data-681-768=\"50px 280px 50px 0px\" data-680=\"53px 50px 53px 0px\">\n\t<div class=\"mkdf-eh-item-inner\">\n\t\t<div class=\"mkdf-eh-item-content mkdf-eh-custom-9986\" style=\"padding: 15px 34px 0 84px\">\n\t\t\t<div class=\"mkdf-iwt clearfix  mkdf-iwt-icon-top  mkdf-iwt-icon-medium\" >\n\t<div class=\"mkdf-iwt-icon\">\n\t\t\t\t\t\t\t\t\t<img width=\"64\" height=\"64\" src=\"https:\/\/anfad.org.mx\/calentadores\/wp-content\/uploads\/2020\/06\/i-3.png\" class=\"attachment-full size-full\" alt=\"\" loading=\"lazy\" \/>                \t\t\t<\/div>\n\t<div class=\"mkdf-iwt-content\" style=\"padding-top: 22px\">\n                    <p class=\"mkdf-iwt-caption\" >\u00a1Ya no hay pretextos!<\/p>\n        \t\t\t\t\t<h4 class=\"mkdf-iwt-title\" style=\"margin-top: -4px\">\n\t\t\t\t\t\t\t\t<span class=\"mkdf-iwt-title-text\">Siempre agua caliente<\/span>\n\t\t\t\t\t\t\t<\/h4>\n\t\t\t\t\t\t\t<p class=\"mkdf-iwt-text\" style=\"margin-top: 14px\">Tener agua caliente en cualquier temporada del an\u0303o y en cualquier regio\u0301n clima\u0301tica<\/p>\n\t\t\t<\/div>\n<\/div>\t\t<\/div>\n\t<\/div>\n<\/div><div class=\"mkdf-eh-item    \"  data-item-class=\"mkdf-eh-custom-8700\" data-1367-1600=\"15px 44px 0 69px\" data-1025-1366=\"15px 0px 0 53px\" data-769-1024=\"0px 440px 22px 0px\" data-681-768=\"0px 280px 22px 0px\" data-680=\"0px 50px 22px 0px\">\n\t<div class=\"mkdf-eh-item-inner\">\n\t\t<div class=\"mkdf-eh-item-content mkdf-eh-custom-8700\" style=\"padding: 15px 29px 0 90px\">\n\t\t\t<div class=\"mkdf-iwt clearfix  mkdf-iwt-icon-top  mkdf-iwt-icon-medium\" >\n\t<div class=\"mkdf-iwt-icon\">\n\t\t\t\t\t\t\t\t\t<img width=\"64\" height=\"64\" src=\"https:\/\/anfad.org.mx\/calentadores\/wp-content\/uploads\/2020\/06\/i-2.png\" class=\"attachment-full size-full\" alt=\"\" loading=\"lazy\" \/>                \t\t\t<\/div>\n\t<div class=\"mkdf-iwt-content\" style=\"padding-top: 22px\">\n                    <p class=\"mkdf-iwt-caption\" >\u00a1Todos saldr\u00e1n a tiempo!<\/p>\n        \t\t\t\t\t<h4 class=\"mkdf-iwt-title\" style=\"margin-top: -4px\">\n\t\t\t\t\t\t\t\t<span class=\"mkdf-iwt-title-text\">Siempre lista<\/span>\n\t\t\t\t\t\t\t<\/h4>\n\t\t\t\t\t\t\t<p class=\"mkdf-iwt-text\" style=\"margin-top: 14px\">Largos recorridos sin variaci\u00f3n de temperatura<\/p>\n\t\t\t<\/div>\n<\/div>\t\t<\/div>\n\t<\/div>\n<\/div><\/div>[\/vc_column][vc_column][\/vc_column][vc_column][\/vc_column][vc_column][\/vc_column][\/vc_row][vc_row row_content_width=&#8221;grid&#8221; row_btt_skin=&#8221;light&#8221; row_background_text_position=&#8221;front&#8221; row_skin=&#8221;dark&#8221; css=&#8221;.vc_custom_1556102995046{padding-bottom: 122px !important;}&#8221;][vc_column]<div class=\"mkdf-elements-holder   mkdf-three-columns  mkdf-responsive-mode-1024 \" ><div class=\"mkdf-eh-item    \"  data-item-class=\"mkdf-eh-custom-7023\" data-1367-1600=\"0px 40px 0 73px\" data-1025-1366=\"0px 54px 0 0\" data-769-1024=\"0 440px 0 0\" data-681-768=\"0 280px 0 0\" data-680=\"0 50px 0 0\">\n\t<div class=\"mkdf-eh-item-inner\">\n\t\t<div class=\"mkdf-eh-item-content mkdf-eh-custom-7023\" style=\"padding: 0 44px 0 76px\">\n\t\t\t<div class=\"mkdf-iwt clearfix  mkdf-iwt-icon-top  mkdf-iwt-icon-medium\" >\n\t<div class=\"mkdf-iwt-icon\">\n\t\t\t\t\t\t\t\t\t<img width=\"64\" height=\"64\" src=\"https:\/\/anfad.org.mx\/calentadores\/wp-content\/uploads\/2020\/06\/i-1.png\" class=\"attachment-full size-full\" alt=\"\" loading=\"lazy\" \/>                \t\t\t<\/div>\n\t<div class=\"mkdf-iwt-content\" style=\"padding-top: 22px\">\n                    <p class=\"mkdf-iwt-caption\" >\u00a1Aqu\u00ed se ba\u00f1an todos!<\/p>\n        \t\t\t\t\t<h4 class=\"mkdf-iwt-title\" style=\"margin-top: -4px\">\n\t\t\t\t\t\t\t\t<span class=\"mkdf-iwt-title-text\">Temperatura siempre estable, sin importar el n\u00famero de servicios<\/span>\n\t\t\t\t\t\t\t<\/h4>\n\t\t\t\t\t\t\t<p class=\"mkdf-iwt-text\" style=\"margin-top: 14px\">Gran capacidad para abastecer agua caliente<\/p>\n\t\t\t<\/div>\n<\/div>\t\t<\/div>\n\t<\/div>\n<\/div><div class=\"mkdf-eh-item    \"  data-item-class=\"mkdf-eh-custom-2724\" data-1367-1600=\"0px 44px 0 74px\" data-1025-1366=\"0px 10px 0 33px\" data-769-1024=\"50px 440px 50px 1px\" data-681-768=\"50px 280px 50px 0px\" data-680=\"53px 50px 50px 0px\">\n\t<div class=\"mkdf-eh-item-inner\">\n\t\t<div class=\"mkdf-eh-item-content mkdf-eh-custom-2724\" style=\"padding: 0 37px 0 83px\">\n\t\t\t<div class=\"mkdf-iwt clearfix  mkdf-iwt-icon-top  mkdf-iwt-icon-medium\" >\n\t<div class=\"mkdf-iwt-icon\">\n\t\t\t\t\t\t\t\t\t<img width=\"64\" height=\"64\" src=\"https:\/\/anfad.org.mx\/calentadores\/wp-content\/uploads\/2020\/06\/i-4.png\" class=\"attachment-full size-full\" alt=\"\" loading=\"lazy\" \/>                \t\t\t<\/div>\n\t<div class=\"mkdf-iwt-content\" style=\"padding-top: 22px\">\n                    <p class=\"mkdf-iwt-caption\" >\u00a1Sin adaptadores complicados!<\/p>\n        \t\t\t\t\t<h4 class=\"mkdf-iwt-title\" style=\"margin-top: -4px\">\n\t\t\t\t\t\t\t\t<span class=\"mkdf-iwt-title-text\">Conexi\u00f3n est\u00e1ndar<\/span>\n\t\t\t\t\t\t\t<\/h4>\n\t\t\t\t\t\t\t<p class=\"mkdf-iwt-text\" style=\"margin-top: 14px\">Se adapta a cualquier tipo de conexi\u00f3n hidr\u00e1ulica<\/p>\n\t\t\t<\/div>\n<\/div>\t\t<\/div>\n\t<\/div>\n<\/div><div class=\"mkdf-eh-item    \"  data-item-class=\"mkdf-eh-custom-4309\" data-1367-1600=\"0px 44px 0 70px\" data-1025-1366=\"0px 0px 0 53px\" data-769-1024=\"0 440px 0 1px\" data-681-768=\"0 280px 0 0px\" data-680=\"0 50px 0 0px\">\n\t<div class=\"mkdf-eh-item-inner\">\n\t\t<div class=\"mkdf-eh-item-content mkdf-eh-custom-4309\" style=\"padding: 0 29px 0 90px\">\n\t\t\t<div class=\"mkdf-iwt clearfix  mkdf-iwt-icon-top  mkdf-iwt-icon-medium\" >\n\t<div class=\"mkdf-iwt-icon\">\n\t\t\t\t\t\t\t\t\t<img width=\"64\" height=\"64\" src=\"https:\/\/anfad.org.mx\/calentadores\/wp-content\/uploads\/2020\/06\/i-5.png\" class=\"attachment-full size-full\" alt=\"\" loading=\"lazy\" \/>                \t\t\t<\/div>\n\t<div class=\"mkdf-iwt-content\" style=\"padding-top: 22px\">\n                    <p class=\"mkdf-iwt-caption\" >Sin complicaciones<\/p>\n        \t\t\t\t\t<h4 class=\"mkdf-iwt-title\" style=\"margin-top: -4px\">\n\t\t\t\t\t\t\t\t<span class=\"mkdf-iwt-title-text\">Instalaci\u00f3n y Operaci\u00f3n Sencilla<\/span>\n\t\t\t\t\t\t\t<\/h4>\n\t\t\t\t\t\t\t<p class=\"mkdf-iwt-text\" style=\"margin-top: 14px\">F\u00e1cil instalaci\u00f3n y operaci\u00f3n que permiten empezar a usar el calentador de inmediato<\/p>\n\t\t\t<\/div>\n<\/div>\t\t<\/div>\n\t<\/div>\n<\/div><\/div>[\/vc_column][\/vc_row][vc_row row_btt_skin=&#8221;light&#8221; row_background_text_position=&#8221;front&#8221;][vc_column][vc_column_text]\n        \n            <div class=\"wls-wrap\">\n                  <div id=\"6724-69f8a183a840a\" class=\"\">\n        \n\n                  \n          <div class=\"panel\" > \n                        <img src=\"https:\/\/anfad.org.mx\/calentadores\/wp-content\/uploads\/2020\/11\/15agua.jpg\" alt=\"\" title=\"\" \/>\n                                  <\/div>\n\n                             \n          <div class=\"panel\" > \n                        <img src=\"https:\/\/anfad.org.mx\/calentadores\/wp-content\/uploads\/2020\/08\/0presion.jpg\" alt=\"\" title=\"\" \/>\n                                  <\/div>\n\n                             \n          <div class=\"panel\" > \n                        <img src=\"https:\/\/anfad.org.mx\/calentadores\/wp-content\/uploads\/2020\/08\/15util.jpg\" alt=\"\" title=\"\" \/>\n                                  <\/div>\n\n                          <\/div> <!-- Slides end -->\n       \n       \n       <\/div>\n           <style type=\"text\/css\">\n          \n\n    <\/style>   \n    <script type=\"text\/javascript\">\n      jQuery( document ).ready(function($) {\n\n        jQuery.fn.randomize = function (selector) {\n          var $elems = selector ? $(this).find(selector) : $(this).children(),\n              $parents = $elems.parent();\n\n          $parents.each(function () {\n              $(this).children(selector).sort(function (childA, childB) {\n                  \/\/ * Prevent last slide from being reordered\n                  if($(childB).index() !== $(this).children(selector).length - 1) {\n                      return Math.round(Math.random()) - 0.5;\n                  }\n              }.bind(this)).detach().appendTo(this);\n          });\n\n          return this;\n        };\n\n        $(\"#6724-69f8a183a840a\")\n           \n          .randomize()   \n                .slick({ \n        slidesToShow: 3,\n        slidesToScroll: 1,        \n        autoplaySpeed: 3000,\n        speed: 1000,        \n        arrows: false,\n        asNavFor: null,         \n        autoplay: true,\n        \n        useCSS: true,        \n        responsive: [\n        {\n          breakpoint: 1199,\n          settings: {\n            arrows: true,\n            slidesToShow: 4\n          }\n        },\n        {\n          breakpoint: 979,\n          settings: {\n            arrows: true,\n            slidesToShow: 3\n          }\n        },{\n          breakpoint: 768,\n          settings: {\n            arrows: true,\n            slidesToShow: 2\n          }\n        },{\n          breakpoint: 479,\n          settings: {\n            arrows: true,\n            slidesToShow: 1\n          }\n        }\n        ]\n\n        });\n       \n      });\n    <\/script>\n\n  [\/vc_column_text][\/vc_column][\/vc_row]<\/p>\n","protected":false},"excerpt":{"rendered":"<p>[vc_row row_content_width=&#8221;grid&#8221; row_btt_skin=&#8221;light&#8221; row_background_text_position=&#8221;front&#8221; row_skin=&#8221;dark&#8221; css=&#8221;.vc_custom_1556102851705{padding-top: 110px !important;padding-bottom: 30px !important;}&#8221;][vc_column][vc_row_inner][vc_column_inner][vc_column_text][\/vc_column_text][\/vc_column_inner][\/vc_row_inner][vc_empty_space height=&#8221;65px&#8221;][\/vc_column][vc_column][\/vc_column][vc_column][\/vc_column][vc_column][\/vc_column][\/vc_row][vc_row row_content_width=&#8221;grid&#8221; row_btt_skin=&#8221;light&#8221; row_background_text_position=&#8221;front&#8221; row_skin=&#8221;dark&#8221; css=&#8221;.vc_custom_1556102995046{padding-bottom: 122px !important;}&#8221;][vc_column][\/vc_column][\/vc_row][vc_row row_btt_skin=&#8221;light&#8221; row_background_text_position=&#8221;front&#8221;][vc_column][vc_column_text][\/vc_column_text][\/vc_column][\/vc_row]<\/p>\n","protected":false},"author":1,"featured_media":0,"parent":0,"menu_order":0,"comment_status":"closed","ping_status":"closed","template":"full-width.php","meta":[],"_links":{"self":[{"href":"https:\/\/anfad.org.mx\/calentadores\/wp-json\/wp\/v2\/pages\/6404"}],"collection":[{"href":"https:\/\/anfad.org.mx\/calentadores\/wp-json\/wp\/v2\/pages"}],"about":[{"href":"https:\/\/anfad.org.mx\/calentadores\/wp-json\/wp\/v2\/types\/page"}],"author":[{"embeddable":true,"href":"https:\/\/anfad.org.mx\/calentadores\/wp-json\/wp\/v2\/users\/1"}],"replies":[{"embeddable":true,"href":"https:\/\/anfad.org.mx\/calentadores\/wp-json\/wp\/v2\/comments?post=6404"}],"version-history":[{"count":32,"href":"https:\/\/anfad.org.mx\/calentadores\/wp-json\/wp\/v2\/pages\/6404\/revisions"}],"predecessor-version":[{"id":6904,"href":"https:\/\/anfad.org.mx\/calentadores\/wp-json\/wp\/v2\/pages\/6404\/revisions\/6904"}],"wp:attachment":[{"href":"https:\/\/anfad.org.mx\/calentadores\/wp-json\/wp\/v2\/media?parent=6404"}],"curies":[{"name":"wp","href":"https:\/\/api.w.org\/{rel}","templated":true}]}}